{"id":122,"date":"2025-05-29T10:49:54","date_gmt":"2025-05-29T10:49:54","guid":{"rendered":"https:\/\/aanhetpleinbijmoon.nl\/?page_id=122"},"modified":"2025-07-22T21:41:18","modified_gmt":"2025-07-22T21:41:18","slug":"stelling-kaas","status":"publish","type":"page","link":"https:\/\/aanhetpleinbijmoon.nl\/index.php\/stelling-kaas\/","title":{"rendered":"Boer(derij)kaas"},"content":{"rendered":"\n<p class=\"has-text-align-center\"><strong>101<\/strong> &#8211; Jonge boerderijkaas<\/p>\n\n\n\n<figure class=\"wp-block-image aligncenter size-full is-resized\"><img loading=\"lazy\" decoding=\"async\" width=\"381\" height=\"242\" src=\"https:\/\/aanhetpleinbijmoon.nl\/wp-content\/uploads\/2025\/05\/image-23.png\" alt=\"\" class=\"wp-image-123\" style=\"width:230px;height:auto\" srcset=\"https:\/\/aanhetpleinbijmoon.nl\/wp-content\/uploads\/2025\/05\/image-23.png 381w, https:\/\/aanhetpleinbijmoon.nl\/wp-content\/uploads\/2025\/05\/image-23-300x191.png 300w\" sizes=\"auto, (max-width: 381px) 100vw, 381px\" \/><\/figure>\n\n\n\n<p class=\"has-text-align-center\"><em>Erfgoed Stelling 101 is een ambachtelijke boerderijkaas, bereid met volle gethermiseerde koemelk. Circa 5 weken gerijpt op houten planken. Met verrassend veel smaak!<\/em><\/p>\n\n\n\n<p class=\"has-text-align-center\"><em>Erfgoed Stelling 101 is een boerderijkaas die gemaakt is door de familie van Erk uit Berkenwoude. Hun hele verhaal lees je in het bericht hieronder!<\/em><\/p>\n\n\n\n<p class=\"has-text-align-center\">301-<strong>Boerderijkaas 30+<\/strong><\/p>\n\n\n\n<figure class=\"wp-block-image aligncenter size-full\"><img loading=\"lazy\" decoding=\"async\" width=\"381\" height=\"242\" src=\"https:\/\/aanhetpleinbijmoon.nl\/wp-content\/uploads\/2025\/05\/image-24.png\" alt=\"\" class=\"wp-image-124\" srcset=\"https:\/\/aanhetpleinbijmoon.nl\/wp-content\/uploads\/2025\/05\/image-24.png 381w, https:\/\/aanhetpleinbijmoon.nl\/wp-content\/uploads\/2025\/05\/image-24-300x191.png 300w\" sizes=\"auto, (max-width: 381px) 100vw, 381px\" \/><\/figure>\n\n\n\n<p class=\"has-text-align-center\"><em>Magere kaas van de boerderij Erk, gemaakt<\/em> <em>van afgeroomde gethermiseerde koemelk. Een kaas met minder vet, maar nog heerlijk smeu\u00efg en vol van smaak.<\/em><\/p>\n\n\n\n<p class=\"has-text-align-center\"><em>Na 6 maanden rijping heeft de kaas een unieke en rijke smaak die onweerstaanbaar lekker is<\/em><\/p>\n\n\n\n<p class=\"has-text-align-center\">502 &#8211;<strong>Jong belegen<\/strong><\/p>\n\n\n\n<figure class=\"wp-block-image aligncenter size-full is-resized\"><img loading=\"lazy\" decoding=\"async\" width=\"381\" height=\"242\" src=\"https:\/\/aanhetpleinbijmoon.nl\/wp-content\/uploads\/2025\/05\/image-27.png\" alt=\"\" class=\"wp-image-127\" style=\"width:280px;height:auto\" srcset=\"https:\/\/aanhetpleinbijmoon.nl\/wp-content\/uploads\/2025\/05\/image-27.png 381w, https:\/\/aanhetpleinbijmoon.nl\/wp-content\/uploads\/2025\/05\/image-27-300x191.png 300w\" sizes=\"auto, (max-width: 381px) 100vw, 381px\" \/><\/figure>\n\n\n\n<p class=\"has-text-align-center\"><em>Ambachtelijke boerenkaas gemaakt van rauwe koemelk. Deze boerenkaas heeft circa 10 weken gerijpt, dus is nog heerlijk romig en zacht van smaak. Bijzonder smeu\u00efg<\/em>.<\/p>\n\n\n\n<p class=\"has-text-align-center\"><em>Erfgoed Stelling 502 is een boerenkaas die gemaakt is door Leo Kool<\/em><\/p>\n\n\n\n<p class=\"has-text-align-center\">503- Belegen boerenkaas<\/p>\n\n\n\n<figure class=\"wp-block-image aligncenter size-full is-resized\"><img loading=\"lazy\" decoding=\"async\" width=\"381\" height=\"242\" src=\"https:\/\/aanhetpleinbijmoon.nl\/wp-content\/uploads\/2025\/05\/image-28.png\" alt=\"\" class=\"wp-image-128\" style=\"width:228px;height:auto\" srcset=\"https:\/\/aanhetpleinbijmoon.nl\/wp-content\/uploads\/2025\/05\/image-28.png 381w, https:\/\/aanhetpleinbijmoon.nl\/wp-content\/uploads\/2025\/05\/image-28-300x191.png 300w\" sizes=\"auto, (max-width: 381px) 100vw, 381px\" \/><\/figure>\n\n\n\n<p class=\"has-text-align-center\"><em>Een belegen boerenkaas met een smeu\u00efg zuivel. Bereid met dagverse rauwe koemelk, wat zorgt voor een heerlijke volle boerensmaak. Deze boerenkaas heeft circa 6 maanden liggen rijpen in ons pakhuis, waar een constante temperatuur en luchtvochtigheid heerst.<\/em><\/p>\n\n\n\n<p class=\"has-text-align-center\"><strong>506 &#8211; Oude boerenkaas<\/strong><\/p>\n\n\n\n<figure class=\"wp-block-image aligncenter size-full is-resized\"><img loading=\"lazy\" decoding=\"async\" width=\"381\" height=\"242\" src=\"https:\/\/aanhetpleinbijmoon.nl\/wp-content\/uploads\/2025\/05\/image-29.png\" alt=\"\" class=\"wp-image-129\" style=\"width:211px;height:auto\" srcset=\"https:\/\/aanhetpleinbijmoon.nl\/wp-content\/uploads\/2025\/05\/image-29.png 381w, https:\/\/aanhetpleinbijmoon.nl\/wp-content\/uploads\/2025\/05\/image-29-300x191.png 300w\" sizes=\"auto, (max-width: 381px) 100vw, 381px\" \/><\/figure>\n\n\n\n<p class=\"has-text-align-center\"><em>Deze oude boerenkaas is bereid met de beste rauwe koemelk van de koeien van Boer Kool uit Stolwijk. Circa 1 jaar heeft deze Erfgoed Stelling 506 de tijd gehad om op smaak te komen in ons pakhuis. Het resultaat is een prachtige rauwmelkse kaas met kleine kristallen in het zuivel, die knisperen in je mond. De smaak is vol, pikant en met een boeren karakter!<\/em><\/p>\n\n\n\n<p class=\"has-text-align-center\"><strong>Bon Repas<\/strong><\/p>\n\n\n\n<figure class=\"wp-block-image aligncenter size-full is-resized\"><img loading=\"lazy\" decoding=\"async\" width=\"381\" height=\"242\" src=\"https:\/\/aanhetpleinbijmoon.nl\/wp-content\/uploads\/2025\/05\/image-33.png\" alt=\"\" class=\"wp-image-142\" style=\"width:242px;height:auto\" srcset=\"https:\/\/aanhetpleinbijmoon.nl\/wp-content\/uploads\/2025\/05\/image-33.png 381w, https:\/\/aanhetpleinbijmoon.nl\/wp-content\/uploads\/2025\/05\/image-33-300x191.png 300w\" sizes=\"auto, (max-width: 381px) 100vw, 381px\" \/><\/figure>\n\n\n\n<p class=\"has-text-align-center\"><em>De Bon Repas is een authentieke gatenkaas gemaakt van gethermiseerde melk. Deze boerderijkaas wordt bereid volgens uniek recept en heeft een ongekende smeu\u00efgheid. De smaak is heel toegankelijk en iets zoet. De kaas is vernoemd naar de polder Bonrepas, gelegen in de Krimpenerwaard. Bon Repas betekent in het Frans \u2018goede maaltijd\u2019.<\/em><br><em>Om de gaten in het zuivel te krijgen, worden er propionzuur bacteri\u00ebn toegevoegd tijdens het bereidingsproces. In het rijpingsproces zorgen deze bacteri\u00ebn voor de grote gaten in het zuivel. Om deze bacteri\u00ebn actief te maken, wordt de Bon Repas eerst 14 dagen op hoge temperatuur (20 graden) gerijpt. Hierdoor gaat de kaas ook wat bollen. Maar door de toevoeging van een extra culture krijgt de kaas een rijke smaak met een boerenluchtje, dit maakt het juist tot een unieke smaak. In totaal heeft deze gatenkaas 8 weken liggen rijpen in ons pakhuis. Het resultaat is een unieke gatenkaas van de boerderij met een bijzonder smedig karakter. Lekkere zoete en milde boerensmaak.<\/em><\/p>\n\n\n\n<p class=\"has-text-align-center\"><strong>ZomerKaas<\/strong><\/p>\n\n\n\n<figure class=\"wp-block-image aligncenter size-full is-resized\"><img loading=\"lazy\" decoding=\"async\" width=\"381\" height=\"242\" src=\"https:\/\/aanhetpleinbijmoon.nl\/wp-content\/uploads\/2025\/05\/image-34.png\" alt=\"\" class=\"wp-image-145\" style=\"width:285px;height:auto\" srcset=\"https:\/\/aanhetpleinbijmoon.nl\/wp-content\/uploads\/2025\/05\/image-34.png 381w, https:\/\/aanhetpleinbijmoon.nl\/wp-content\/uploads\/2025\/05\/image-34-300x191.png 300w\" sizes=\"auto, (max-width: 381px) 100vw, 381px\" \/><\/figure>\n\n\n\n<p class=\"has-text-align-center\"><em>Proef de zomer! Een heerlijke boerderijkaas met een rijke melange aan frisse kruiden en specerijen: ui, brandnetel, bieslook, knoflook, peterselie, paprika, rozemarijn en tijm. De rozemarijn en tijm geven de kaas echt een zomers tintje. Circa 8 weken gerijpt, dus het zuivel is nog lekker zacht en romig. De toevoeging van de kruiden maakt deze kaas tot een heerlijke frisse, zomerse specialiteit. Onmisbaar op je borrelplank tijdens een zomerse borrelavond<\/em><\/p>\n\n\n\n<p class=\"has-text-align-center\"><strong>Oude pittige boerderijkaas<\/strong><\/p>\n\n\n\n<figure class=\"wp-block-image aligncenter size-full\"><img loading=\"lazy\" decoding=\"async\" width=\"381\" height=\"242\" src=\"https:\/\/aanhetpleinbijmoon.nl\/wp-content\/uploads\/2025\/05\/image-30.png\" alt=\"\" class=\"wp-image-133\" srcset=\"https:\/\/aanhetpleinbijmoon.nl\/wp-content\/uploads\/2025\/05\/image-30.png 381w, https:\/\/aanhetpleinbijmoon.nl\/wp-content\/uploads\/2025\/05\/image-30-300x191.png 300w\" sizes=\"auto, (max-width: 381px) 100vw, 381px\" \/><\/figure>\n\n\n\n<p class=\"has-text-align-center\"><em>Deze boerderijkaas pittig van 30 kg is bereid met gethermiseerde melk. Een heerlijke stevige kaas, pikant en vol van smaak dankzij de 12 maanden rijping in ons pakhuis. De constante temperatuur en luchtvochtigheid in ons pakhuis zorgt voor de optimale smaakontwikkeling van deze grote jongen. Een echte aanrader voor op je kaasplateau!<\/em><\/p>\n\n\n\n<p class=\"has-text-align-center\"><\/p>\n\n\n\n<p class=\"has-text-align-center\"><\/p>\n\n\n\n<p><\/p>\n\n\n\n<p><\/p>\n","protected":false},"excerpt":{"rendered":"<p>101 &#8211; Jonge boerderijkaas Erfgoed Stelling 101 is een ambachtelijke boerderijkaas, bereid met volle gethermiseerde koemelk. Circa 5 weken gerijpt op houten planken. Met verrassend veel smaak! Erfgoed Stelling 101 is een boerderijkaas die gemaakt is door de familie van Erk uit Berkenwoude. Hun hele verhaal lees je in het bericht hieronder! 301-Boerderijkaas 30+ Magere [&hellip;]<\/p>\n","protected":false},"author":1,"featured_media":0,"parent":0,"menu_order":0,"comment_status":"closed","ping_status":"closed","template":"","meta":{"footnotes":""},"class_list":["post-122","page","type-page","status-publish","hentry"],"_links":{"self":[{"href":"https:\/\/aanhetpleinbijmoon.nl\/index.php\/wp-json\/wp\/v2\/pages\/122","targetHints":{"allow":["GET"]}}],"collection":[{"href":"https:\/\/aanhetpleinbijmoon.nl\/index.php\/wp-json\/wp\/v2\/pages"}],"about":[{"href":"https:\/\/aanhetpleinbijmoon.nl\/index.php\/wp-json\/wp\/v2\/types\/page"}],"author":[{"embeddable":true,"href":"https:\/\/aanhetpleinbijmoon.nl\/index.php\/wp-json\/wp\/v2\/users\/1"}],"replies":[{"embeddable":true,"href":"https:\/\/aanhetpleinbijmoon.nl\/index.php\/wp-json\/wp\/v2\/comments?post=122"}],"version-history":[{"count":10,"href":"https:\/\/aanhetpleinbijmoon.nl\/index.php\/wp-json\/wp\/v2\/pages\/122\/revisions"}],"predecessor-version":[{"id":351,"href":"https:\/\/aanhetpleinbijmoon.nl\/index.php\/wp-json\/wp\/v2\/pages\/122\/revisions\/351"}],"wp:attachment":[{"href":"https:\/\/aanhetpleinbijmoon.nl\/index.php\/wp-json\/wp\/v2\/media?parent=122"}],"curies":[{"name":"wp","href":"https:\/\/api.w.org\/{rel}","templated":true}]}}